{"id":2936,"date":"2020-11-10T19:56:27","date_gmt":"2020-11-10T18:56:27","guid":{"rendered":"https:\/\/miriam-pir.de\/?page_id=2936"},"modified":"2025-11-20T14:45:47","modified_gmt":"2025-11-20T13:45:47","slug":"bildnachweise","status":"publish","type":"page","link":"https:\/\/miriam-pir.de\/en\/bildnachweise\/","title":{"rendered":"Picture credits"},"content":{"rendered":"<style>#kt-layout-id_a34dc4-c1 > .kt-row-column-wrap{align-content:start;}:where(#kt-layout-id_a34dc4-c1 > .kt-row-column-wrap) > .wp-block-kadence-column{justify-content:start;}#kt-layout-id_a34dc4-c1 > .kt-row-column-wrap{column-gap:var(--global-kb-gap-md, 2rem);row-gap:var(--global-kb-gap-md, 2rem);padding-top:var( --global-kb-row-default-top, 25px );padding-bottom:var( --global-kb-row-default-bottom, 25px );padding-top:50px;padding-bottom:100px;grid-template-columns:minmax(0, calc(15% - ((var(--global-kb-gap-md, 2rem) * 2 )\/3)))minmax(0, calc(70% - ((var(--global-kb-gap-md, 2rem) * 2 )\/3)))minmax(0, calc(15% - ((var(--global-kb-gap-md, 2rem) * 2 )\/3)));}#kt-layout-id_a34dc4-c1 > .kt-row-layout-overlay{opacity:0.30;}@media all and (max-width: 1024px){#kt-layout-id_a34dc4-c1 > .kt-row-column-wrap > div:not(.added-for-specificity){grid-column:initial;}}@media all and (max-width: 1024px){#kt-layout-id_a34dc4-c1 > .kt-row-column-wrap{grid-template-columns:repeat(3, minmax(0, 1fr));}}@media all and (max-width: 767px){#kt-layout-id_a34dc4-c1 > .kt-row-column-wrap > div:not(.added-for-specificity){grid-column:initial;}#kt-layout-id_a34dc4-c1 > .kt-row-column-wrap{grid-template-columns:minmax(0, 1fr);}}<\/style>\n<div class=\"wp-block-kadence-rowlayout alignnone\"><div id=\"kt-layout-id_a34dc4-c1\" class=\"kt-row-layout-inner kt-layout-id_a34dc4-c1\"><div class=\"kt-row-column-wrap kt-has-3-columns kt-gutter-default kt-v-gutter-default kt-row-valign-top kt-row-layout-equal kt-tab-layout-inherit kt-m-colapse-left-to-right kt-mobile-layout-row  kt-custom-first-width-15  kt-custom-second-width-70  kt-custom-third-width-15\"><style>.kadence-column_1e8be5-61 > .kt-inside-inner-col{padding-left:50px;padding-right:50px;}.kadence-column_1e8be5-61 > .kt-inside-inner-col{border-top-width:0px;border-right-width:0px;border-bottom-width:0px;border-left-width:0px;}.kadence-column_1e8be5-61 > .kt-inside-inner-col,.kadence-column_1e8be5-61 > .kt-inside-inner-col:before{border-top-left-radius:0px;border-top-right-radius:0px;border-bottom-right-radius:0px;border-bottom-left-radius:0px;}.kadence-column_1e8be5-61 > .kt-inside-inner-col{column-gap:var(--global-kb-gap-sm, 1rem);}.kadence-column_1e8be5-61 > .kt-inside-inner-col{flex-direction:column;}.kadence-column_1e8be5-61 > .kt-inside-inner-col > .aligncenter{width:100%;}.kadence-column_1e8be5-61 > .kt-inside-inner-col:before{opacity:0.3;}.kadence-column_1e8be5-61{position:relative;}@media all and (max-width: 1024px){.kadence-column_1e8be5-61 > .kt-inside-inner-col{padding-left:50px;padding-right:50px;flex-direction:column;justify-content:center;}}@media all and (max-width: 767px){.kadence-column_1e8be5-61 > .kt-inside-inner-col{padding-left:20px;padding-right:20px;flex-direction:column;justify-content:center;}}<\/style>\n<div class=\"wp-block-kadence-column inner-column-1 kadence-column_1e8be5-61\"><div class=\"kt-inside-inner-col\"><\/div><\/div>\n\n\n<style>.kadence-column_fc0555-93 > .kt-inside-inner-col{border-top-width:0px;border-right-width:0px;border-bottom-width:0px;border-left-width:0px;}.kadence-column_fc0555-93 > .kt-inside-inner-col,.kadence-column_fc0555-93 > .kt-inside-inner-col:before{border-top-left-radius:0px;border-top-right-radius:0px;border-bottom-right-radius:0px;border-bottom-left-radius:0px;}.kadence-column_fc0555-93 > .kt-inside-inner-col{column-gap:var(--global-kb-gap-sm, 1rem);}.kadence-column_fc0555-93 > .kt-inside-inner-col{flex-direction:column;}.kadence-column_fc0555-93 > .kt-inside-inner-col > .aligncenter{width:100%;}.kadence-column_fc0555-93 > .kt-inside-inner-col:before{opacity:0.3;}.kadence-column_fc0555-93{position:relative;}@media all and (max-width: 1024px){.kadence-column_fc0555-93 > .kt-inside-inner-col{flex-direction:column;justify-content:center;}}@media all and (max-width: 767px){.kadence-column_fc0555-93 > .kt-inside-inner-col{padding-left:20px;padding-right:20px;flex-direction:column;justify-content:center;}}<\/style>\n<div class=\"wp-block-kadence-column inner-column-2 kadence-column_fc0555-93\"><div class=\"kt-inside-inner-col\">\n<p>Das Layout der Website, die verwendeten Grafiken sowie die sonstigen Inhalte sind urheberrechtlich gesch\u00fctzt. Eine Vervielf\u00e4ltigung oder Verwendung der Texte und Grafiken in anderen elektronischen oder gedruckten Publikationen ist ohne ausdr\u00fcckliche Zustimmung nicht gestattet.<\/p>\n\n\n\n<p>Nachfolgend eine Auflistung der verwendeten Bilder von&nbsp;<a rel=\"noreferrer noopener\" class=\"rank-math-link\" href=\"http:\/\/stock.adobe.com\/\" target=\"_blank\">Adobe Stock<\/a>:<\/p>\n\n\n<style>.wp-block-kadence-advancedheading.kt-adv-heading_0016a9-5e, .wp-block-kadence-advancedheading.kt-adv-heading_0016a9-5e[data-kb-block=\"kb-adv-heading_0016a9-5e\"]{margin-bottom:50px;text-align:center;font-style:normal;}.wp-block-kadence-advancedheading.kt-adv-heading_0016a9-5e mark.kt-highlight, .wp-block-kadence-advancedheading.kt-adv-heading_0016a9-5e[data-kb-block=\"kb-adv-heading_0016a9-5e\"] mark.kt-highlight{font-style:normal;color:#f76a0c;-webkit-box-decoration-break:clone;box-decoration-break:clone;padding-top:0px;padding-right:0px;padding-bottom:0px;padding-left:0px;}.wp-block-kadence-advancedheading.kt-adv-heading_0016a9-5e img.kb-inline-image, .wp-block-kadence-advancedheading.kt-adv-heading_0016a9-5e[data-kb-block=\"kb-adv-heading_0016a9-5e\"] img.kb-inline-image{width:150px;vertical-align:baseline;}<\/style>\n<h2 id=\"kt-adv-heading_0016a9-5e\" class=\"kt-adv-heading_0016a9-5e wp-block-kadence-advancedheading\" style=\"text-align:center;margin-bottom:50px\">Adobe Stock<\/h2>\n\n\n\n<figure class=\"wp-block-table\"><table><tbody><tr><td><img loading=\"lazy\" decoding=\"async\" width=\"150\" height=\"150\" class=\"wp-image-1443\" style=\"width: 150px;\" src=\"https:\/\/miriam-pir.de\/wp-content\/uploads\/2020\/10\/overwhelmed_440-2.png\" alt=\"\u00fcberforderte Businessfrau\" srcset=\"https:\/\/miriam-pir.de\/wp-content\/uploads\/2020\/10\/overwhelmed_440-2.png 440w, https:\/\/miriam-pir.de\/wp-content\/uploads\/2020\/10\/overwhelmed_440-2-300x300.png 300w, https:\/\/miriam-pir.de\/wp-content\/uploads\/2020\/10\/overwhelmed_440-2-150x150.png 150w\" sizes=\"auto, (max-width: 150px) 100vw, 150px\" \/><\/td><td>\u00a9 Tierney &#8211; stock.adobe.com<\/td><\/tr><tr><td><img loading=\"lazy\" decoding=\"async\" width=\"150\" height=\"84\" class=\"wp-image-1892\" style=\"width: 150px;\" src=\"https:\/\/miriam-pir.de\/wp-content\/uploads\/2020\/10\/header_desk_opti.jpg\" alt=\"Webseite, die Kunden lieben\" srcset=\"https:\/\/miriam-pir.de\/wp-content\/uploads\/2020\/10\/header_desk_opti.jpg 1920w, https:\/\/miriam-pir.de\/wp-content\/uploads\/2020\/10\/header_desk_opti-300x169.jpg 300w, https:\/\/miriam-pir.de\/wp-content\/uploads\/2020\/10\/header_desk_opti-1024x576.jpg 1024w, https:\/\/miriam-pir.de\/wp-content\/uploads\/2020\/10\/header_desk_opti-768x432.jpg 768w, https:\/\/miriam-pir.de\/wp-content\/uploads\/2020\/10\/header_desk_opti-1536x864.jpg 1536w\" sizes=\"auto, (max-width: 150px) 100vw, 150px\" \/><\/td><td>Foto \u00a9 floraldeco &#8211; stock.adobe.com<br>Icons \u00a9 biscotto87 &#8211; stock.adobe.com<br>Icons &#8222;Round with person&#8220; \u00a9 tanyabosyk &#8211; stock.adobe.com<\/td><\/tr><tr><td><img loading=\"lazy\" decoding=\"async\" width=\"150\" height=\"58\" class=\"wp-image-2321\" style=\"width: 150px;\" src=\"https:\/\/miriam-pir.de\/wp-content\/uploads\/2020\/10\/Magnolien_Ast1_300.png\" alt=\"Schmuckelement Magnolie\"><\/td><td>\u00a9 yuliya_derbisheva &#8211; stock.adobe.com<\/td><\/tr><tr><td><img loading=\"lazy\" decoding=\"async\" width=\"150\" height=\"125\" class=\"wp-image-2365\" style=\"width: 150px;\" src=\"https:\/\/miriam-pir.de\/wp-content\/uploads\/2020\/10\/Magnolie4a.png\" alt=\"Schmuckelement Magnolie\"><\/td><td>\u00a9 yuliya_derbisheva &#8211; stock.adobe.com<\/td><\/tr><tr><td><img loading=\"lazy\" decoding=\"async\" width=\"150\" height=\"138\" class=\"wp-image-2448\" style=\"width: 150px;\" src=\"https:\/\/miriam-pir.de\/wp-content\/uploads\/2020\/10\/Magnolie3-1.png\" alt=\"Schmuckelement Magnolie\"><\/td><td>\u00a9 yuliya_derbisheva &#8211; stock.adobe.com<\/td><\/tr><tr><td><img loading=\"lazy\" decoding=\"async\" width=\"150\" height=\"127\" class=\"wp-image-2449\" style=\"width: 150px;\" src=\"https:\/\/miriam-pir.de\/wp-content\/uploads\/2020\/10\/Magnolie1-1.png\" alt=\"Schmuckelement Magnolie\"><\/td><td>\u00a9 yuliya_derbisheva &#8211; stock.adobe.com<\/td><\/tr><\/tbody><\/table><\/figure>\n<\/div><\/div>\n\n\n<style>.kadence-column_9d527e-47 > .kt-inside-inner-col{border-top-width:0px;border-right-width:0px;border-bottom-width:0px;border-left-width:0px;}.kadence-column_9d527e-47 > .kt-inside-inner-col,.kadence-column_9d527e-47 > .kt-inside-inner-col:before{border-top-left-radius:0px;border-top-right-radius:0px;border-bottom-right-radius:0px;border-bottom-left-radius:0px;}.kadence-column_9d527e-47 > .kt-inside-inner-col{column-gap:var(--global-kb-gap-sm, 1rem);}.kadence-column_9d527e-47 > .kt-inside-inner-col{flex-direction:column;}.kadence-column_9d527e-47 > .kt-inside-inner-col > .aligncenter{width:100%;}.kadence-column_9d527e-47 > .kt-inside-inner-col:before{opacity:0.3;}.kadence-column_9d527e-47{position:relative;}@media all and (max-width: 1024px){.kadence-column_9d527e-47 > .kt-inside-inner-col{flex-direction:column;justify-content:center;}}@media all and (max-width: 767px){.kadence-column_9d527e-47 > .kt-inside-inner-col{flex-direction:column;justify-content:center;}}<\/style>\n<div class=\"wp-block-kadence-column inner-column-3 kadence-column_9d527e-47\"><div class=\"kt-inside-inner-col\"><\/div><\/div>\n<\/div><\/div><\/div>\n","protected":false},"excerpt":{"rendered":"<p>Das Layout der Website, die verwendeten Grafiken sowie die sonstigen Inhalte sind urheberrechtlich gesch\u00fctzt. Eine Vervielf\u00e4ltigung oder Verwendung der Texte und Grafiken in anderen elektronischen oder gedruckten Publikationen ist ohne ausdr\u00fcckliche Zustimmung nicht gestattet. Nachfolgend eine Auflistung der verwendeten Bilder von&nbsp;Adobe Stock: Adobe Stock \u00a9 Tierney &#8211; stock.adobe.com Foto \u00a9 floraldeco &#8211; stock.adobe.comIcons \u00a9 biscotto87&#8230;<\/p>","protected":false},"author":3,"featured_media":0,"parent":0,"menu_order":0,"comment_status":"closed","ping_status":"closed","template":"","meta":{"_seopress_robots_primary_cat":"","_seopress_titles_title":"","_seopress_titles_desc":"","_seopress_robots_index":"yes","_kad_blocks_custom_css":"","_kad_blocks_head_custom_js":"","_kad_blocks_body_custom_js":"","_kad_blocks_footer_custom_js":"","_kadence_starter_templates_imported_post":false,"_kad_post_transparent":"","_kad_post_title":"show","_kad_post_layout":"","_kad_post_sidebar_id":"","_kad_post_content_style":"","_kad_post_vertical_padding":"","_kad_post_feature":"","_kad_post_feature_position":"","_kad_post_header":false,"_kad_post_footer":false,"_kad_post_classname":"","footnotes":""},"class_list":["post-2936","page","type-page","status-publish","hentry"],"taxonomy_info":[],"featured_image_src_large":false,"author_info":{"display_name":"Miriam","author_link":"https:\/\/miriam-pir.de\/en\/author\/wilma\/"},"comment_info":0,"_links":{"self":[{"href":"https:\/\/miriam-pir.de\/en\/wp-json\/wp\/v2\/pages\/2936","targetHints":{"allow":["GET"]}}],"collection":[{"href":"https:\/\/miriam-pir.de\/en\/wp-json\/wp\/v2\/pages"}],"about":[{"href":"https:\/\/miriam-pir.de\/en\/wp-json\/wp\/v2\/types\/page"}],"author":[{"embeddable":true,"href":"https:\/\/miriam-pir.de\/en\/wp-json\/wp\/v2\/users\/3"}],"replies":[{"embeddable":true,"href":"https:\/\/miriam-pir.de\/en\/wp-json\/wp\/v2\/comments?post=2936"}],"version-history":[{"count":1,"href":"https:\/\/miriam-pir.de\/en\/wp-json\/wp\/v2\/pages\/2936\/revisions"}],"predecessor-version":[{"id":8175,"href":"https:\/\/miriam-pir.de\/en\/wp-json\/wp\/v2\/pages\/2936\/revisions\/8175"}],"wp:attachment":[{"href":"https:\/\/miriam-pir.de\/en\/wp-json\/wp\/v2\/media?parent=2936"}],"curies":[{"name":"wp","href":"https:\/\/api.w.org\/{rel}","templated":true}]}}